{"id":8983,"date":"2026-03-06T01:48:00","date_gmt":"2026-03-06T00:48:00","guid":{"rendered":"https:\/\/shop.nautic-zd.hr\/?page_id=8983"},"modified":"2026-03-06T10:17:00","modified_gmt":"2026-03-06T09:17:00","slug":"home","status":"publish","type":"page","link":"https:\/\/shop.nautic-zd.hr\/en\/","title":{"rendered":"Home"},"content":{"rendered":"","protected":false},"excerpt":{"rendered":"","protected":false},"author":1,"featured_media":182,"parent":0,"menu_order":0,"comment_status":"closed","ping_status":"closed","template":"","meta":{"footnotes":""},"class_list":["post-8983","page","type-page","status-publish","has-post-thumbnail","hentry"],"yoast_head":"<!-- This site is optimized with the Yoast SEO Premium plugin v24.9 (Yoast SEO v27.1.1) - https:\/\/yoast.com\/product\/yoast-seo-premium-wordpress\/ -->\n<title>Nauti\u010dka oprema online | Shop Nautic ZD<\/title>\n<meta name=\"description\" content=\"Kupite profesionalnu nauti\u010dku opremu, rezervne dijelove i dodatke za plovila. Kvaliteta i stru\u010dnost Nautic ZD \u2013 sigurna kupnja online.\" \/>\n<meta name=\"robots\" content=\"index, follow, max-snippet:-1, max-image-preview:large, max-video-preview:-1\" \/>\n<link rel=\"canonical\" href=\"https:\/\/shop.nautic-zd.hr\/en\/\" \/>\n<meta property=\"og:locale\" content=\"en_US\" \/>\n<meta property=\"og:type\" content=\"article\" \/>\n<meta property=\"og:title\" content=\"Nauti\u010dka oprema online | Shop Nautic ZD\" \/>\n<meta property=\"og:description\" content=\"Sve za va\u0161u plovidbu na jednom mjestu. Premium nauti\u010dka oprema, provjerena kvaliteta i brza isporuka. Shop Nautic ZD.\" \/>\n<meta property=\"og:url\" content=\"https:\/\/shop.nautic-zd.hr\/en\/\" \/>\n<meta property=\"og:site_name\" content=\"shop.nautic-zd.hr\" \/>\n<meta property=\"article:modified_time\" content=\"2026-03-06T09:17:00+00:00\" \/>\n<meta property=\"og:image\" content=\"https:\/\/shop.nautic-zd.hr\/wp-content\/uploads\/2026\/02\/08.jpg\" \/>\n\t<meta property=\"og:image:width\" content=\"800\" \/>\n\t<meta property=\"og:image:height\" content=\"600\" \/>\n\t<meta property=\"og:image:type\" content=\"image\/jpeg\" \/>\n<meta name=\"twitter:card\" content=\"summary_large_image\" \/>\n<meta name=\"twitter:title\" content=\"Home\" \/>\n<meta name=\"twitter:label1\" content=\"Est. reading time\" \/>\n\t<meta name=\"twitter:data1\" content=\"8 minutes\" \/>\n<script type=\"application\/ld+json\" class=\"yoast-schema-graph\">{\"@context\":\"https:\/\/schema.org\",\"@graph\":[{\"@type\":\"WebPage\",\"@id\":\"https:\/\/shop.nautic-zd.hr\/en\/\",\"url\":\"https:\/\/shop.nautic-zd.hr\/en\/\",\"name\":\"Nauti\u010dka oprema online | Shop Nautic ZD\",\"isPartOf\":{\"@id\":\"https:\/\/shop.nautic-zd.hr\/en\/#website\"},\"primaryImageOfPage\":{\"@id\":\"https:\/\/shop.nautic-zd.hr\/en\/#primaryimage\"},\"image\":{\"@id\":\"https:\/\/shop.nautic-zd.hr\/en\/#primaryimage\"},\"thumbnailUrl\":\"https:\/\/shop.nautic-zd.hr\/wp-content\/uploads\/2026\/02\/08.jpg\",\"datePublished\":\"2026-03-06T00:48:00+00:00\",\"dateModified\":\"2026-03-06T09:17:00+00:00\",\"description\":\"Kupite profesionalnu nauti\u010dku opremu, rezervne dijelove i dodatke za plovila. Kvaliteta i stru\u010dnost Nautic ZD \u2013 sigurna kupnja online.\",\"breadcrumb\":{\"@id\":\"https:\/\/shop.nautic-zd.hr\/en\/#breadcrumb\"},\"inLanguage\":\"en-US\",\"potentialAction\":[{\"@type\":\"ReadAction\",\"target\":[\"https:\/\/shop.nautic-zd.hr\/en\/\"]}]},{\"@type\":\"ImageObject\",\"inLanguage\":\"en-US\",\"@id\":\"https:\/\/shop.nautic-zd.hr\/en\/#primaryimage\",\"url\":\"https:\/\/shop.nautic-zd.hr\/wp-content\/uploads\/2026\/02\/08.jpg\",\"contentUrl\":\"https:\/\/shop.nautic-zd.hr\/wp-content\/uploads\/2026\/02\/08.jpg\",\"width\":800,\"height\":600},{\"@type\":\"BreadcrumbList\",\"@id\":\"https:\/\/shop.nautic-zd.hr\/en\/#breadcrumb\",\"itemListElement\":[{\"@type\":\"ListItem\",\"position\":1,\"name\":\"Home\",\"item\":\"https:\/\/shop.nautic-zd.hr\/en\/\"},{\"@type\":\"ListItem\",\"position\":2,\"name\":\"Home\"}]},{\"@type\":\"WebSite\",\"@id\":\"https:\/\/shop.nautic-zd.hr\/en\/#website\",\"url\":\"https:\/\/shop.nautic-zd.hr\/en\/\",\"name\":\"shop.nautic-zd.hr\",\"description\":\"Sve za va\u0161u plovidbu \u2013 profesionalna nauti\u010dka oprema\",\"potentialAction\":[{\"@type\":\"SearchAction\",\"target\":{\"@type\":\"EntryPoint\",\"urlTemplate\":\"https:\/\/shop.nautic-zd.hr\/en\/?s={search_term_string}\"},\"query-input\":{\"@type\":\"PropertyValueSpecification\",\"valueRequired\":true,\"valueName\":\"search_term_string\"}}],\"inLanguage\":\"en-US\"}]}<\/script>\n<!-- \/ Yoast SEO Premium plugin. -->","yoast_head_json":{"title":"Nauti\u010dka oprema online | Shop Nautic ZD","description":"Kupite profesionalnu nauti\u010dku opremu, rezervne dijelove i dodatke za plovila. Kvaliteta i stru\u010dnost Nautic ZD \u2013 sigurna kupnja online.","robots":{"index":"index","follow":"follow","max-snippet":"max-snippet:-1","max-image-preview":"max-image-preview:large","max-video-preview":"max-video-preview:-1"},"canonical":"https:\/\/shop.nautic-zd.hr\/en\/","og_locale":"en_US","og_type":"article","og_title":"Nauti\u010dka oprema online | Shop Nautic ZD","og_description":"Sve za va\u0161u plovidbu na jednom mjestu. Premium nauti\u010dka oprema, provjerena kvaliteta i brza isporuka. Shop Nautic ZD.","og_url":"https:\/\/shop.nautic-zd.hr\/en\/","og_site_name":"shop.nautic-zd.hr","article_modified_time":"2026-03-06T09:17:00+00:00","og_image":[{"width":800,"height":600,"url":"https:\/\/shop.nautic-zd.hr\/wp-content\/uploads\/2026\/02\/08.jpg","type":"image\/jpeg"}],"twitter_card":"summary_large_image","twitter_title":"Home","twitter_misc":{"Est. reading time":"8 minutes"},"schema":{"@context":"https:\/\/schema.org","@graph":[{"@type":"WebPage","@id":"https:\/\/shop.nautic-zd.hr\/en\/","url":"https:\/\/shop.nautic-zd.hr\/en\/","name":"Nauti\u010dka oprema online | Shop Nautic ZD","isPartOf":{"@id":"https:\/\/shop.nautic-zd.hr\/en\/#website"},"primaryImageOfPage":{"@id":"https:\/\/shop.nautic-zd.hr\/en\/#primaryimage"},"image":{"@id":"https:\/\/shop.nautic-zd.hr\/en\/#primaryimage"},"thumbnailUrl":"https:\/\/shop.nautic-zd.hr\/wp-content\/uploads\/2026\/02\/08.jpg","datePublished":"2026-03-06T00:48:00+00:00","dateModified":"2026-03-06T09:17:00+00:00","description":"Kupite profesionalnu nauti\u010dku opremu, rezervne dijelove i dodatke za plovila. Kvaliteta i stru\u010dnost Nautic ZD \u2013 sigurna kupnja online.","breadcrumb":{"@id":"https:\/\/shop.nautic-zd.hr\/en\/#breadcrumb"},"inLanguage":"en-US","potentialAction":[{"@type":"ReadAction","target":["https:\/\/shop.nautic-zd.hr\/en\/"]}]},{"@type":"ImageObject","inLanguage":"en-US","@id":"https:\/\/shop.nautic-zd.hr\/en\/#primaryimage","url":"https:\/\/shop.nautic-zd.hr\/wp-content\/uploads\/2026\/02\/08.jpg","contentUrl":"https:\/\/shop.nautic-zd.hr\/wp-content\/uploads\/2026\/02\/08.jpg","width":800,"height":600},{"@type":"BreadcrumbList","@id":"https:\/\/shop.nautic-zd.hr\/en\/#breadcrumb","itemListElement":[{"@type":"ListItem","position":1,"name":"Home","item":"https:\/\/shop.nautic-zd.hr\/en\/"},{"@type":"ListItem","position":2,"name":"Home"}]},{"@type":"WebSite","@id":"https:\/\/shop.nautic-zd.hr\/en\/#website","url":"https:\/\/shop.nautic-zd.hr\/en\/","name":"shop.nautic-zd.hr","description":"Sve za va\u0161u plovidbu \u2013 profesionalna nauti\u010dka oprema","potentialAction":[{"@type":"SearchAction","target":{"@type":"EntryPoint","urlTemplate":"https:\/\/shop.nautic-zd.hr\/en\/?s={search_term_string}"},"query-input":{"@type":"PropertyValueSpecification","valueRequired":true,"valueName":"search_term_string"}}],"inLanguage":"en-US"}]}},"_links":{"self":[{"href":"https:\/\/shop.nautic-zd.hr\/en\/wp-json\/wp\/v2\/pages\/8983","targetHints":{"allow":["GET"]}}],"collection":[{"href":"https:\/\/shop.nautic-zd.hr\/en\/wp-json\/wp\/v2\/pages"}],"about":[{"href":"https:\/\/shop.nautic-zd.hr\/en\/wp-json\/wp\/v2\/types\/page"}],"author":[{"embeddable":true,"href":"https:\/\/shop.nautic-zd.hr\/en\/wp-json\/wp\/v2\/users\/1"}],"replies":[{"embeddable":true,"href":"https:\/\/shop.nautic-zd.hr\/en\/wp-json\/wp\/v2\/comments?post=8983"}],"version-history":[{"count":7,"href":"https:\/\/shop.nautic-zd.hr\/en\/wp-json\/wp\/v2\/pages\/8983\/revisions"}],"predecessor-version":[{"id":9053,"href":"https:\/\/shop.nautic-zd.hr\/en\/wp-json\/wp\/v2\/pages\/8983\/revisions\/9053"}],"wp:featuredmedia":[{"embeddable":true,"href":"https:\/\/shop.nautic-zd.hr\/en\/wp-json\/wp\/v2\/media\/182"}],"wp:attachment":[{"href":"https:\/\/shop.nautic-zd.hr\/en\/wp-json\/wp\/v2\/media?parent=8983"}],"curies":[{"name":"wp","href":"https:\/\/api.w.org\/{rel}","templated":true}]}}